{"id":6057,"date":"2022-03-01T11:12:49","date_gmt":"2022-03-01T11:12:49","guid":{"rendered":"https:\/\/themeim.com\/wp\/panthar\/?page_id=6057"},"modified":"2025-11-27T13:15:25","modified_gmt":"2025-11-27T12:15:25","slug":"get-a-quote-02","status":"publish","type":"page","link":"https:\/\/deltaprotection.cd\/?page_id=6057","title":{"rendered":"DEVIS GRATUIT"},"content":{"rendered":"\t\t<div data-elementor-type=\"wp-page\" data-elementor-id=\"6057\" class=\"elementor elementor-6057\" data-elementor-post-type=\"page\">\n\t\t\t\t\t\t<section class=\"elementor-section elementor-top-section elementor-element elementor-element-1fb03cc2 elementor-section-boxed elementor-section-height-default elementor-section-height-default\" data-id=\"1fb03cc2\" data-element_type=\"section\" data-e-type=\"section\">\n\t\t\t\t\t\t<div class=\"elementor-container elementor-column-gap-default\">\n\t\t\t\t\t<div class=\"elementor-column elementor-col-100 elementor-top-column elementor-element elementor-element-4a462b82\" data-id=\"4a462b82\" data-element_type=\"column\" data-e-type=\"column\">\n\t\t\t<div class=\"elementor-widget-wrap elementor-element-populated\">\n\t\t\t\t\t\t<section class=\"elementor-section elementor-inner-section elementor-element elementor-element-30f55d9d elementor-section-boxed elementor-section-height-default elementor-section-height-default\" data-id=\"30f55d9d\" data-element_type=\"section\" data-e-type=\"section\">\n\t\t\t\t\t\t<div class=\"elementor-container elementor-column-gap-default\">\n\t\t\t\t\t<div class=\"elementor-column elementor-col-100 elementor-inner-column elementor-element elementor-element-3d249ee6\" data-id=\"3d249ee6\" data-element_type=\"column\" data-e-type=\"column\">\n\t\t\t<div class=\"elementor-widget-wrap elementor-element-populated\">\n\t\t\t\t\t\t<div class=\"elementor-element elementor-element-5f40b0d0 elementor-widget elementor-widget-panthar-section-title-widget\" data-id=\"5f40b0d0\" data-element_type=\"widget\" data-e-type=\"widget\" data-widget_type=\"panthar-section-title-widget.default\">\n\t\t\t\t<div class=\"elementor-widget-container\">\n\t\t\t\t\t\r\n        <div class=\"theme-heading-title\" style=\"text-align:center\">\r\n                            <div class=\"subtitle shape\">\r\n                    <div class=\"icon-left wow fadeInRight animated \">\r\n                        <i aria-hidden=\"true\" class=\"icomoon icomoon-bullet-left\"><\/i>                    <\/div>\r\n                    DELTA PROTECTION                    <div class=\"icon-right wow fadeInLeft animated\">\r\n                        <i aria-hidden=\"true\" class=\"icomoon icomoon-bullet\"><\/i>                    <\/div>\r\n                <\/div>\r\n                                        <h3 class=\"title\">\r\n                    DEMANDER UN DEVIS GRATUIT                <\/h3>\r\n                                    <p><\/p>                    <\/div>\r\n        \t\t\t\t<\/div>\n\t\t\t\t<\/div>\n\t\t\t\t<div class=\"elementor-element elementor-element-73344da elementor-widget elementor-widget-shortcode\" data-id=\"73344da\" data-element_type=\"widget\" data-e-type=\"widget\" data-widget_type=\"shortcode.default\">\n\t\t\t\t\t\t\t<div class=\"elementor-shortcode\">\n<div class=\"wpcf7 no-js\" id=\"wpcf7-f6-o1\" lang=\"fr-FR\" dir=\"ltr\" data-wpcf7-id=\"6\">\n<div class=\"screen-reader-response\"><p role=\"status\" aria-live=\"polite\" aria-atomic=\"true\"><\/p> <ul><\/ul><\/div>\n<form action=\"\/index.php?rest_route=%2Fwp%2Fv2%2Fpages%2F6057#wpcf7-f6-o1\" method=\"post\" class=\"wpcf7-form init\" aria-label=\"Formulaire de contact\" novalidate=\"novalidate\" data-status=\"init\">\n<fieldset class=\"hidden-fields-container\"><input type=\"hidden\" name=\"_wpcf7\" value=\"6\" \/><input type=\"hidden\" name=\"_wpcf7_version\" value=\"6.1.5\" \/><input type=\"hidden\" name=\"_wpcf7_locale\" value=\"fr_FR\" \/><input type=\"hidden\" name=\"_wpcf7_unit_tag\" value=\"wpcf7-f6-o1\" \/><input type=\"hidden\" name=\"_wpcf7_container_post\" value=\"0\" \/><input type=\"hidden\" name=\"_wpcf7_posted_data_hash\" value=\"\" \/>\n<\/fieldset>\n<label> Nom complet\n    <span class=\"wpcf7-form-control-wrap\" data-name=\"your-name\"><input size=\"40\" maxlength=\"400\" class=\"wpcf7-form-control wpcf7-text wpcf7-validates-as-required\" autocomplete=\"name\" aria-required=\"true\" aria-invalid=\"false\" value=\"\" type=\"text\" name=\"your-name\" \/><\/span> <\/label>\n<label> Entreprise\/Organisation\n    <span class=\"wpcf7-form-control-wrap\" data-name=\"your-name\"><input size=\"40\" maxlength=\"400\" class=\"wpcf7-form-control wpcf7-text wpcf7-validates-as-required\" autocomplete=\"name\" aria-required=\"true\" aria-invalid=\"false\" value=\"\" type=\"text\" name=\"your-name\" \/><\/span> <\/label>\n<label> T\u00e9l\u00e9phone \n    <span class=\"wpcf7-form-control-wrap\" data-name=\"tel-54\"><input size=\"40\" maxlength=\"400\" class=\"wpcf7-form-control wpcf7-tel wpcf7-text wpcf7-validates-as-tel\" aria-invalid=\"false\" value=\"\" type=\"tel\" name=\"tel-54\" \/><\/span> <\/label>\n<label> Email *\n    <span class=\"wpcf7-form-control-wrap\" data-name=\"your-email\"><input size=\"40\" maxlength=\"400\" class=\"wpcf7-form-control wpcf7-email wpcf7-validates-as-required wpcf7-text wpcf7-validates-as-email\" autocomplete=\"email\" aria-required=\"true\" aria-invalid=\"false\" value=\"\" type=\"email\" name=\"your-email\" \/><\/span> <\/label>\n<label>  Service demand\u00e9 *\n<span class=\"wpcf7-form-control-wrap\" data-name=\"select-137\"><select class=\"wpcf7-form-control wpcf7-select\" aria-invalid=\"false\" name=\"select-137\"><option value=\"Gardiennage &amp; S\u00e9curit\u00e9 de Sites\">Gardiennage &amp; S\u00e9curit\u00e9 de Sites<\/option><option value=\"Protection Rapproch\u00e9e VIP\">Protection Rapproch\u00e9e VIP<\/option><option value=\"Intervention d\u2019Urgence\">Intervention d\u2019Urgence<\/option><option value=\"Service Cynophile\">Service Cynophile<\/option><option value=\"Vid\u00e9osurveillance &amp; Contr\u00f4le d\u2019Acc\u00e8s\">Vid\u00e9osurveillance &amp; Contr\u00f4le d\u2019Acc\u00e8s<\/option><option value=\"Escorte de Valeurs &amp; Personnes\">Escorte de Valeurs &amp; Personnes<\/option><option value=\"Autre Provinces\">Autre Provinces<\/option><\/select><\/span>     \n<\/label\n<label>   Localisation *\n<span class=\"wpcf7-form-control-wrap\" data-name=\"select-261\"><select class=\"wpcf7-form-control wpcf7-select\" aria-invalid=\"false\" name=\"select-261\"><option value=\"Kinshasa\">Kinshasa<\/option><option value=\"Lubumbashi\">Lubumbashi<\/option><option value=\"Goma\">Goma<\/option><option value=\"Matadi\">Matadi<\/option><option value=\"Mbuji-Mayi\">Mbuji-Mayi<\/option><option value=\"Kananga\">Kananga<\/option><option value=\"Autres\">Autres<\/option><\/select><\/span>  \n<\/label\n\n\n<label> Message \n    <span class=\"wpcf7-form-control-wrap\" data-name=\"your-message\"><textarea cols=\"40\" rows=\"10\" maxlength=\"2000\" class=\"wpcf7-form-control wpcf7-textarea\" aria-invalid=\"false\" name=\"your-message\"><\/textarea><\/span> <\/label>\n\n<input class=\"wpcf7-form-control wpcf7-submit has-spinner\" type=\"submit\" value=\"Envoyer\" \/><p style=\"display: none !important;\" class=\"akismet-fields-container\" data-prefix=\"_wpcf7_ak_\"><label>&#916;<textarea name=\"_wpcf7_ak_hp_textarea\" cols=\"45\" rows=\"8\" maxlength=\"100\"><\/textarea><\/label><input type=\"hidden\" id=\"ak_js_1\" name=\"_wpcf7_ak_js\" value=\"159\"\/><script>document.getElementById( \"ak_js_1\" ).setAttribute( \"value\", ( new Date() ).getTime() );<\/script><\/p><div class=\"wpcf7-response-output\" aria-hidden=\"true\"><\/div>\n<\/form>\n<\/div>\n<\/div>\n\t\t\t\t\t\t<\/div>\n\t\t\t\t\t<\/div>\n\t\t<\/div>\n\t\t\t\t\t<\/div>\n\t\t<\/section>\n\t\t\t\t\t<\/div>\n\t\t<\/div>\n\t\t\t\t\t<\/div>\n\t\t<\/section>\n\t\t\t\t<section class=\"elementor-section elementor-top-section elementor-element elementor-element-7c14d55a elementor-section-boxed elementor-section-height-default elementor-section-height-default\" data-id=\"7c14d55a\" data-element_type=\"section\" data-e-type=\"section\" data-settings=\"{&quot;background_background&quot;:&quot;classic&quot;}\">\n\t\t\t\t\t\t<div class=\"elementor-container elementor-column-gap-default\">\n\t\t\t\t\t<div class=\"elementor-column elementor-col-33 elementor-top-column elementor-element elementor-element-697c494f\" data-id=\"697c494f\" data-element_type=\"column\" data-e-type=\"column\">\n\t\t\t<div class=\"elementor-widget-wrap elementor-element-populated\">\n\t\t\t\t\t\t<div class=\"elementor-element elementor-element-6d1bd69 elementor-widget elementor-widget-panthar-icon-box-widget\" data-id=\"6d1bd69\" data-element_type=\"widget\" data-e-type=\"widget\" data-widget_type=\"panthar-icon-box-widget.default\">\n\t\t\t\t<div class=\"elementor-widget-container\">\n\t\t\t\t\t            <div class=\"intro-icon-box-3 icon-box-item top\"\n                 style=\"text-align:left\">\n                <div class=\"icon-wrap\">\n                                            <div class=\"icon\">\n                            <i aria-hidden=\"true\" class=\"icomoon icomoon-phone\"><\/i>                        <\/div>\n                                    <\/div>\n                <div class=\"content\">\n                    <a class=\"icon-box-anchor\" ><h3 class=\"title\">Phone<\/h3><\/a><p>Notre service client\u00e8le est ouvert \ndu lundi au vendredi, de 08h00 \u00e0 16h00.<\/p><h2 class=\"count-value \">+243 853 991 111 <i class=\"icomoon-top-right-arrow\"><\/i><\/h2>                <\/div>\n            <\/div>\n        \t\t\t\t<\/div>\n\t\t\t\t<\/div>\n\t\t\t\t\t<\/div>\n\t\t<\/div>\n\t\t\t\t<div class=\"elementor-column elementor-col-33 elementor-top-column elementor-element elementor-element-7d5e00b5\" data-id=\"7d5e00b5\" data-element_type=\"column\" data-e-type=\"column\">\n\t\t\t<div class=\"elementor-widget-wrap elementor-element-populated\">\n\t\t\t\t\t\t<div class=\"elementor-element elementor-element-3ef16d6 elementor-widget elementor-widget-panthar-icon-box-widget\" data-id=\"3ef16d6\" data-element_type=\"widget\" data-e-type=\"widget\" data-widget_type=\"panthar-icon-box-widget.default\">\n\t\t\t\t<div class=\"elementor-widget-container\">\n\t\t\t\t\t            <div class=\"intro-icon-box-3 icon-box-item top\"\n                 style=\"text-align:left\">\n                <div class=\"icon-wrap\">\n                                            <div class=\"icon\">\n                            <i aria-hidden=\"true\" class=\"icomoon icomoon-mail-2\"><\/i>                        <\/div>\n                                    <\/div>\n                <div class=\"content\">\n                    <a class=\"icon-box-anchor\" ><h3 class=\"title\">Email<\/h3><\/a><p>Notre service client est ouvert \ndu lundi au vendredi, de 08h00 \u00e0 16h00.<\/p><h2 class=\"count-value \">info@deltaprotection.cd <i class=\"icomoon-top-right-arrow\"><\/i><\/h2>                <\/div>\n            <\/div>\n        \t\t\t\t<\/div>\n\t\t\t\t<\/div>\n\t\t\t\t\t<\/div>\n\t\t<\/div>\n\t\t\t\t<div class=\"elementor-column elementor-col-33 elementor-top-column elementor-element elementor-element-eca78de\" data-id=\"eca78de\" data-element_type=\"column\" data-e-type=\"column\">\n\t\t\t<div class=\"elementor-widget-wrap elementor-element-populated\">\n\t\t\t\t\t\t<div class=\"elementor-element elementor-element-50673b9 elementor-widget elementor-widget-panthar-icon-box-widget\" data-id=\"50673b9\" data-element_type=\"widget\" data-e-type=\"widget\" data-widget_type=\"panthar-icon-box-widget.default\">\n\t\t\t\t<div class=\"elementor-widget-container\">\n\t\t\t\t\t            <div class=\"intro-icon-box-3 icon-box-item top\"\n                 style=\"text-align:left\">\n                <div class=\"icon-wrap\">\n                                            <div class=\"icon\">\n                            <svg aria-hidden=\"true\" class=\"e-font-icon-svg e-fas-map-marker-alt\" viewBox=\"0 0 384 512\" xmlns=\"http:\/\/www.w3.org\/2000\/svg\"><path d=\"M172.268 501.67C26.97 291.031 0 269.413 0 192 0 85.961 85.961 0 192 0s192 85.961 192 192c0 77.413-26.97 99.031-172.268 309.67-9.535 13.774-29.93 13.773-39.464 0zM192 272c44.183 0 80-35.817 80-80s-35.817-80-80-80-80 35.817-80 80 35.817 80 80 80z\"><\/path><\/svg>                        <\/div>\n                                    <\/div>\n                <div class=\"content\">\n                    <a class=\"icon-box-anchor\" ><h3 class=\"title\">Location<\/h3><\/a><p>Notre service client est ouvert du lundi au vendredi, de 08h00 \u00e0 16h00.<\/p><h2 class=\"count-value yes\">Kinshasa, N\u00b05, 5\u00e8me Rue C\/Limete - Industriel <i class=\"icomoon-top-right-arrow\"><\/i><\/h2>                <\/div>\n            <\/div>\n        \t\t\t\t<\/div>\n\t\t\t\t<\/div>\n\t\t\t\t\t<\/div>\n\t\t<\/div>\n\t\t\t\t\t<\/div>\n\t\t<\/section>\n\t\t\t\t<section class=\"elementor-section elementor-top-section elementor-element elementor-element-69094206 elementor-section-boxed elementor-section-height-default elementor-section-height-default\" data-id=\"69094206\" data-element_type=\"section\" data-e-type=\"section\">\n\t\t\t\t\t\t<div class=\"elementor-container elementor-column-gap-default\">\n\t\t\t\t\t<div class=\"elementor-column elementor-col-100 elementor-top-column elementor-element elementor-element-65c14ba9\" data-id=\"65c14ba9\" data-element_type=\"column\" data-e-type=\"column\">\n\t\t\t<div class=\"elementor-widget-wrap elementor-element-populated\">\n\t\t\t\t\t\t<div class=\"elementor-element elementor-element-3b28fbf elementor-widget elementor-widget-image-carousel\" data-id=\"3b28fbf\" data-element_type=\"widget\" data-e-type=\"widget\" data-settings=\"{&quot;slides_to_show&quot;:&quot;5&quot;,&quot;navigation&quot;:&quot;none&quot;,&quot;autoplay_speed&quot;:15000,&quot;speed&quot;:1500,&quot;slides_to_show_tablet&quot;:&quot;3&quot;,&quot;slides_to_show_mobile&quot;:&quot;2&quot;,&quot;autoplay&quot;:&quot;yes&quot;,&quot;pause_on_hover&quot;:&quot;yes&quot;,&quot;pause_on_interaction&quot;:&quot;yes&quot;,&quot;infinite&quot;:&quot;yes&quot;}\" data-widget_type=\"image-carousel.default\">\n\t\t\t\t\t\t\t<div class=\"elementor-image-carousel-wrapper swiper\" role=\"region\" aria-roledescription=\"carousel\" aria-label=\"Carrousel d\u2019images\" dir=\"ltr\">\n\t\t\t<div class=\"elementor-image-carousel swiper-wrapper\" aria-live=\"off\">\n\t\t\t\t\t\t\t\t<div class=\"swiper-slide\" role=\"group\" aria-roledescription=\"slide\" aria-label=\"1 sur 5\"><figure class=\"swiper-slide-inner\"><img decoding=\"async\" class=\"swiper-slide-image\" src=\"https:\/\/deltaprotection.cd\/wp-content\/uploads\/2025\/11\/DELTA-PROTECTION-CLIENT-AFRICELL-RDC.jpg\" alt=\"DELTA PROTECTION - CLIENT AFRICELL RDC\" \/><\/figure><\/div><div class=\"swiper-slide\" role=\"group\" aria-roledescription=\"slide\" aria-label=\"2 sur 5\"><figure class=\"swiper-slide-inner\"><img decoding=\"async\" class=\"swiper-slide-image\" src=\"https:\/\/deltaprotection.cd\/wp-content\/uploads\/2025\/11\/DELTA-PROTECTION-CLIENT-AMBASSADE-DE-FRANCE.jpg\" alt=\"DELTA PROTECTION - CLIENT AMBASSADE DE FRANCE\" \/><\/figure><\/div><div class=\"swiper-slide\" role=\"group\" aria-roledescription=\"slide\" aria-label=\"3 sur 5\"><figure class=\"swiper-slide-inner\"><img decoding=\"async\" class=\"swiper-slide-image\" src=\"https:\/\/deltaprotection.cd\/wp-content\/uploads\/2025\/11\/DELTA-PROTECTION-CLIENT-BOLLORE.jpg\" alt=\"DELTA PROTECTION - CLIENT BOLLORE\" \/><\/figure><\/div><div class=\"swiper-slide\" role=\"group\" aria-roledescription=\"slide\" aria-label=\"4 sur 5\"><figure class=\"swiper-slide-inner\"><img decoding=\"async\" class=\"swiper-slide-image\" src=\"https:\/\/deltaprotection.cd\/wp-content\/uploads\/2025\/11\/DELTA-PROTECTION-CLIENT-NATIONS-UNIES.jpg\" alt=\"DELTA PROTECTION - CLIENT NATIONS UNIES\" \/><\/figure><\/div><div class=\"swiper-slide\" role=\"group\" aria-roledescription=\"slide\" aria-label=\"5 sur 5\"><figure class=\"swiper-slide-inner\"><img decoding=\"async\" class=\"swiper-slide-image\" src=\"https:\/\/deltaprotection.cd\/wp-content\/uploads\/2025\/11\/DELTA-PROTECTION-ORANGE-RDC.jpg\" alt=\"DELTA PROTECTION - ORANGE RDC\" \/><\/figure><\/div>\t\t\t<\/div>\n\t\t\t\t\t\t\t\n\t\t\t\t\t\t\t\t\t<\/div>\n\t\t\t\t\t\t<\/div>\n\t\t\t\t\t<\/div>\n\t\t<\/div>\n\t\t\t\t\t<\/div>\n\t\t<\/section>\n\t\t\t\t<\/div>\n\t\t","protected":false},"excerpt":{"rendered":"<p>DELTA PROTECTION DEMANDER UN DEVIS GRATUIT Phone Notre service client\u00e8le est ouvert du lundi au vendredi, de 08h00 \u00e0 16h00. +243 853 991 111 Email Notre service client est ouvert du lundi au vendredi, de 08h00 \u00e0 16h00. info@deltaprotection.cd Location Notre service client est ouvert du lundi au vendredi, de 08h00 \u00e0 16h00. Kinshasa, N\u00b05,<\/p>\n","protected":false},"author":1,"featured_media":0,"parent":0,"menu_order":0,"comment_status":"closed","ping_status":"closed","template":"","meta":{"_monsterinsights_skip_tracking":false,"_monsterinsights_sitenote_active":false,"_monsterinsights_sitenote_note":"","_monsterinsights_sitenote_category":0,"footnotes":""},"class_list":["post-6057","page","type-page","status-publish","hentry"],"aioseo_notices":[],"jetpack_sharing_enabled":true,"_links":{"self":[{"href":"https:\/\/deltaprotection.cd\/index.php?rest_route=\/wp\/v2\/pages\/6057","targetHints":{"allow":["GET"]}}],"collection":[{"href":"https:\/\/deltaprotection.cd\/index.php?rest_route=\/wp\/v2\/pages"}],"about":[{"href":"https:\/\/deltaprotection.cd\/index.php?rest_route=\/wp\/v2\/types\/page"}],"author":[{"embeddable":true,"href":"https:\/\/deltaprotection.cd\/index.php?rest_route=\/wp\/v2\/users\/1"}],"replies":[{"embeddable":true,"href":"https:\/\/deltaprotection.cd\/index.php?rest_route=%2Fwp%2Fv2%2Fcomments&post=6057"}],"version-history":[{"count":10,"href":"https:\/\/deltaprotection.cd\/index.php?rest_route=\/wp\/v2\/pages\/6057\/revisions"}],"predecessor-version":[{"id":6801,"href":"https:\/\/deltaprotection.cd\/index.php?rest_route=\/wp\/v2\/pages\/6057\/revisions\/6801"}],"wp:attachment":[{"href":"https:\/\/deltaprotection.cd\/index.php?rest_route=%2Fwp%2Fv2%2Fmedia&parent=6057"}],"curies":[{"name":"wp","href":"https:\/\/api.w.org\/{rel}","templated":true}]}}